{"id":10,"date":"2021-03-29T08:13:40","date_gmt":"2021-03-29T08:13:40","guid":{"rendered":"https:\/\/www.freigassner.info\/?page_id=10"},"modified":"2026-01-08T09:19:42","modified_gmt":"2026-01-08T09:19:42","slug":"orthopadie-orthopadische-chirurgie-fussprechstunde-akupunktur-kneippmedizin","status":"publish","type":"page","link":"https:\/\/www.freigassner.info\/","title":{"rendered":"Ordination Dr. Freigassner"},"content":{"rendered":"\n<div class=\"wp-block-columns is-layout-flex wp-container-core-columns-is-layout-9d6595d7 wp-block-columns-is-layout-flex\">\n<div class=\"wp-block-column is-layout-flow wp-block-column-is-layout-flow\">\n<pre class=\"wp-block-verse\"><mark style=\"background-color:rgba(0, 0, 0, 0);color:#f88b04\" class=\"has-inline-color\"><strong>HERZLICH WILLKOMMEN<\/strong> <\/mark><br>auf der Website der Ordination Dr. Martina Freigassner, Fach\u00e4rztin <br>f\u00fcr Orthop\u00e4die und orthop\u00e4dische Chirurgie. Sie finden unsere barrierefrei erreichbare Ordination in <strong>Graz, am Nikolaiplatz 4.<\/strong><\/pre>\n<\/div>\n<\/div>\n\n\n\n<figure class=\"wp-block-image alignwide size-large\"><img loading=\"lazy\" decoding=\"async\" width=\"1024\" height=\"576\" src=\"https:\/\/www.freigassner.info\/wp-content\/uploads\/2021\/03\/Ordination_Dr_Freigassner.jpg\" alt=\"Dr Martina Freigassner\" class=\"wp-image-61\" srcset=\"https:\/\/www.freigassner.info\/wp-content\/uploads\/2021\/03\/Ordination_Dr_Freigassner.jpg 1024w, https:\/\/www.freigassner.info\/wp-content\/uploads\/2021\/03\/Ordination_Dr_Freigassner-300x169.jpg 300w, https:\/\/www.freigassner.info\/wp-content\/uploads\/2021\/03\/Ordination_Dr_Freigassner-768x432.jpg 768w\" sizes=\"auto, (max-width: 1024px) 100vw, 1024px\" \/><figcaption class=\"wp-element-caption\">Dr Martina Freigassner bei der Befundbesprechung<\/figcaption><\/figure>\n\n\n\n<hr class=\"wp-block-separator has-css-opacity is-style-default\"\/>\n\n\n\n<div class=\"wp-block-columns alignwide are-vertically-aligned-top is-layout-flex wp-container-core-columns-is-layout-9d6595d7 wp-block-columns-is-layout-flex\">\n<div class=\"wp-block-column is-vertically-aligned-top is-layout-flow wp-block-column-is-layout-flow\">\n<h3 class=\"wp-block-heading\" id=\"ordination-graz-stadt-1\">Ordination Graz Stadt<\/h3>\n\n\n\n<p>Nikolaiplatz 4<br>8020 Graz<\/p>\n\n\n\n<p><strong><mark style=\"background-color:rgba(0, 0, 0, 0);color:#f88b04\" class=\"has-inline-color\"><a rel=\"noreferrer noopener\" href=\"https:\/\/www.freigassner.info\/wp-content\/uploads\/2021\/07\/iFrame.html\" target=\"_blank\">Online Terminvereinbarung<\/a><\/mark><\/strong><\/p>\n\n\n\n<p><strong>Terminvereinbarung<\/strong> bitte per E-Mail an: office@freigassner.info<\/p>\n\n\n\n<p><strong><strong>Rezeptionszeiten<\/strong><\/strong><br>Mo 07.00-13.00 Uhr \/ 14.00-18.00 Uhr<br>Di 07.00-12.00 Uhr \/ 13.00-18.00 Uhr<br>Mi 07.00-12.00 Uhr \/ 13.00-18.00 Uhr<br>Do 07.00-12.00 Uhr \/ 13.00-18.00 Uhr<br>Fr 07.00-15.00 Uhr<\/p>\n\n\n\n<p><strong><mark style=\"background-color:rgba(0, 0, 0, 0);color:#f88b04\" class=\"has-inline-color\">NEUE Ordinationszeiten<\/mark><\/strong><br>Mo 08.00-12.00 Uhr \/ 15.00-18.00 Uhr<br>Di 08.00-12.00 Uhr \/ 13.00-16.00 Uhr<br>Mi 08.00-12.00 Uhr \/ 13.00-16.00 Uhr<br>Do 08.00-12.00 Uhr \/ 13.00-16.00 Uhr<br>Fr 08.00-12.00 Uhr \/ 12.30-14.30 Uhr<br><br>Tel. 0316 35-88-71<br>Email: office@freigassner.info<\/p>\n\n\n\n<p><strong>Privat und alle Kassen<\/strong><\/p>\n<\/div>\n\n\n\n<div class=\"wp-block-column is-vertically-aligned-top is-layout-flow wp-block-column-is-layout-flow\">\n<h3 class=\"wp-block-heading\" id=\"fusssprechstunde\">Fu\u00dfsprechstunde<\/h3>\n\n\n\n<p>Nikolaiplatz 4<br>8020 Graz<br><br>Do 08.00-09.00 Uhr<br><\/p>\n\n\n\n<p><\/p>\n<\/div>\n\n\n\n<div class=\"wp-block-column is-vertically-aligned-top is-layout-flow wp-block-column-is-layout-flow\">\n<h3 class=\"wp-block-heading\" id=\"dr-martina-freigassner\"><mark style=\"background-color:rgba(0, 0, 0, 0);color:#f88b04\" class=\"has-inline-color\">Dr. Martina Freigassner<\/mark><\/h3>\n\n\n\n<p><mark style=\"background-color:rgba(0, 0, 0, 0);color:#f88b04\" class=\"has-inline-color\">Fach\u00e4rztin f\u00fcr Orthop\u00e4die &amp; Orthop\u00e4dische Chirurgie<\/mark><\/p>\n\n\n\n<p><mark style=\"background-color:rgba(0, 0, 0, 0);color:#f88b04\" class=\"has-inline-color\">Diplom f\u00fcr Akupunktur<\/mark><\/p>\n\n\n\n<p><mark style=\"background-color:rgba(0, 0, 0, 0);color:#f88b04\" class=\"has-inline-color\">Diplom f\u00fcr Manuelle Medizin<\/mark><\/p>\n\n\n\n<p><mark style=\"background-color:rgba(0, 0, 0, 0);color:#f88b04\" class=\"has-inline-color\">Diplom f\u00fcr Kneippmedizin<\/mark><\/p>\n\n\n\n<p><\/p>\n<\/div>\n<\/div>\n\n\n\n<hr class=\"wp-block-separator has-css-opacity\"\/>\n\n\n\n<p class=\"has-text-align-center\"><a rel=\"noreferrer noopener\" href=\"https:\/\/www.freigassner.info\/?page_id=8(opens in a new tab)\" target=\"_blank\">IMPRESSUM<\/a> \/ <a rel=\"noreferrer noopener\" href=\"https:\/\/www.freigassner.info\/?page_id=65\" target=\"_blank\">DATENSCHUTZ<\/a><\/p>\n","protected":false},"excerpt":{"rendered":"<p>HERZLICH WILLKOMMEN auf der Website der Ordination Dr. Martina Freigassner, Fach\u00e4rztin f\u00fcr Orthop\u00e4die und orthop\u00e4dische Chirurgie. Sie finden unsere barrierefrei erreichbare Ordination in Graz, am Nikolaiplatz 4. Ordination Graz Stadt Nikolaiplatz 48020 Graz Online Terminvereinbarung Terminvereinbarung bitte per E-Mail an: office@freigassner.info RezeptionszeitenMo 07.00-13.00 Uhr \/ 14.00-18.00 UhrDi 07.00-12.00 Uhr \/ 13.00-18.00 UhrMi 07.00-12.00 Uhr \/&hellip; <a class=\"more-link\" href=\"https:\/\/www.freigassner.info\/\">Continue reading <span class=\"screen-reader-text\">Ordination Dr. Freigassner<\/span><\/a><\/p>\n","protected":false},"author":2,"featured_media":0,"parent":0,"menu_order":0,"comment_status":"closed","ping_status":"closed","template":"","meta":{"footnotes":""},"class_list":["post-10","page","type-page","status-publish","hentry","entry"],"yoast_head":"<!-- This site is optimized with the Yoast SEO plugin v26.7 - https:\/\/yoast.com\/wordpress\/plugins\/seo\/ -->\n<title>Ordination Dr. Freigassner - Ordination Martina Freigassner<\/title>\n<meta name=\"description\" content=\"Fach\u00e4rztin f\u00fcr Orthop\u00e4die und orthop\u00e4dische Chirurgie, Diplom f\u00fcr Akupunktur, Diplom f\u00fcr Manuelle Medizin, Diplom f\u00fcr Kneippmedizin\" \/>\n<meta name=\"robots\" content=\"index, follow, max-snippet:-1, max-image-preview:large, max-video-preview:-1\" \/>\n<link rel=\"canonical\" href=\"https:\/\/www.freigassner.info\/\" \/>\n<meta property=\"og:locale\" content=\"en_US\" \/>\n<meta property=\"og:type\" content=\"article\" \/>\n<meta property=\"og:title\" content=\"Ordination Dr. Freigassner - Ordination Martina Freigassner\" \/>\n<meta property=\"og:description\" content=\"Fach\u00e4rztin f\u00fcr Orthop\u00e4die und orthop\u00e4dische Chirurgie, Diplom f\u00fcr Akupunktur, Diplom f\u00fcr Manuelle Medizin, Diplom f\u00fcr Kneippmedizin\" \/>\n<meta property=\"og:url\" content=\"https:\/\/www.freigassner.info\/\" \/>\n<meta property=\"og:site_name\" content=\"Ordination Martina Freigassner\" \/>\n<meta property=\"article:modified_time\" content=\"2026-01-08T09:19:42+00:00\" \/>\n<meta property=\"og:image\" content=\"https:\/\/www.freigassner.info\/wp-content\/uploads\/2021\/03\/Ordination_Dr_Freigassner.jpg\" \/>\n\t<meta property=\"og:image:width\" content=\"1024\" \/>\n\t<meta property=\"og:image:height\" content=\"576\" \/>\n\t<meta property=\"og:image:type\" content=\"image\/jpeg\" \/>\n<meta name=\"twitter:card\" content=\"summary_large_image\" \/>\n<meta name=\"twitter:label1\" content=\"Est. reading time\" \/>\n\t<meta name=\"twitter:data1\" content=\"1 minute\" \/>\n<script type=\"application\/ld+json\" class=\"yoast-schema-graph\">{\"@context\":\"https:\/\/schema.org\",\"@graph\":[{\"@type\":\"WebPage\",\"@id\":\"https:\/\/www.freigassner.info\/\",\"url\":\"https:\/\/www.freigassner.info\/\",\"name\":\"Ordination Dr. Freigassner - Ordination Martina Freigassner\",\"isPartOf\":{\"@id\":\"https:\/\/www.freigassner.info\/#website\"},\"primaryImageOfPage\":{\"@id\":\"https:\/\/www.freigassner.info\/#primaryimage\"},\"image\":{\"@id\":\"https:\/\/www.freigassner.info\/#primaryimage\"},\"thumbnailUrl\":\"https:\/\/www.freigassner.info\/wp-content\/uploads\/2021\/03\/Ordination_Dr_Freigassner.jpg\",\"datePublished\":\"2021-03-29T08:13:40+00:00\",\"dateModified\":\"2026-01-08T09:19:42+00:00\",\"description\":\"Fach\u00e4rztin f\u00fcr Orthop\u00e4die und orthop\u00e4dische Chirurgie, Diplom f\u00fcr Akupunktur, Diplom f\u00fcr Manuelle Medizin, Diplom f\u00fcr Kneippmedizin\",\"breadcrumb\":{\"@id\":\"https:\/\/www.freigassner.info\/#breadcrumb\"},\"inLanguage\":\"en-US\",\"potentialAction\":[{\"@type\":\"ReadAction\",\"target\":[\"https:\/\/www.freigassner.info\/\"]}]},{\"@type\":\"ImageObject\",\"inLanguage\":\"en-US\",\"@id\":\"https:\/\/www.freigassner.info\/#primaryimage\",\"url\":\"https:\/\/www.freigassner.info\/wp-content\/uploads\/2021\/03\/Ordination_Dr_Freigassner.jpg\",\"contentUrl\":\"https:\/\/www.freigassner.info\/wp-content\/uploads\/2021\/03\/Ordination_Dr_Freigassner.jpg\",\"width\":1024,\"height\":576,\"caption\":\"Dr Martina Freigassner\"},{\"@type\":\"BreadcrumbList\",\"@id\":\"https:\/\/www.freigassner.info\/#breadcrumb\",\"itemListElement\":[{\"@type\":\"ListItem\",\"position\":1,\"name\":\"Home\",\"item\":\"https:\/\/www.freigassner.info\/\"},{\"@type\":\"ListItem\",\"position\":2,\"name\":\"Ordination Dr. Freigassner\"}]},{\"@type\":\"WebSite\",\"@id\":\"https:\/\/www.freigassner.info\/#website\",\"url\":\"https:\/\/www.freigassner.info\/\",\"name\":\"Ordination Martina Freigassner\",\"description\":\"Ordination f\u00fcr Orthop\u00e4die und orthop\u00e4dische Chirurgie\",\"potentialAction\":[{\"@type\":\"SearchAction\",\"target\":{\"@type\":\"EntryPoint\",\"urlTemplate\":\"https:\/\/www.freigassner.info\/?s={search_term_string}\"},\"query-input\":{\"@type\":\"PropertyValueSpecification\",\"valueRequired\":true,\"valueName\":\"search_term_string\"}}],\"inLanguage\":\"en-US\"}]}<\/script>\n<!-- \/ Yoast SEO plugin. -->","yoast_head_json":{"title":"Ordination Dr. Freigassner - Ordination Martina Freigassner","description":"Fach\u00e4rztin f\u00fcr Orthop\u00e4die und orthop\u00e4dische Chirurgie, Diplom f\u00fcr Akupunktur, Diplom f\u00fcr Manuelle Medizin, Diplom f\u00fcr Kneippmedizin","robots":{"index":"index","follow":"follow","max-snippet":"max-snippet:-1","max-image-preview":"max-image-preview:large","max-video-preview":"max-video-preview:-1"},"canonical":"https:\/\/www.freigassner.info\/","og_locale":"en_US","og_type":"article","og_title":"Ordination Dr. Freigassner - Ordination Martina Freigassner","og_description":"Fach\u00e4rztin f\u00fcr Orthop\u00e4die und orthop\u00e4dische Chirurgie, Diplom f\u00fcr Akupunktur, Diplom f\u00fcr Manuelle Medizin, Diplom f\u00fcr Kneippmedizin","og_url":"https:\/\/www.freigassner.info\/","og_site_name":"Ordination Martina Freigassner","article_modified_time":"2026-01-08T09:19:42+00:00","og_image":[{"width":1024,"height":576,"url":"https:\/\/www.freigassner.info\/wp-content\/uploads\/2021\/03\/Ordination_Dr_Freigassner.jpg","type":"image\/jpeg"}],"twitter_card":"summary_large_image","twitter_misc":{"Est. reading time":"1 minute"},"schema":{"@context":"https:\/\/schema.org","@graph":[{"@type":"WebPage","@id":"https:\/\/www.freigassner.info\/","url":"https:\/\/www.freigassner.info\/","name":"Ordination Dr. Freigassner - Ordination Martina Freigassner","isPartOf":{"@id":"https:\/\/www.freigassner.info\/#website"},"primaryImageOfPage":{"@id":"https:\/\/www.freigassner.info\/#primaryimage"},"image":{"@id":"https:\/\/www.freigassner.info\/#primaryimage"},"thumbnailUrl":"https:\/\/www.freigassner.info\/wp-content\/uploads\/2021\/03\/Ordination_Dr_Freigassner.jpg","datePublished":"2021-03-29T08:13:40+00:00","dateModified":"2026-01-08T09:19:42+00:00","description":"Fach\u00e4rztin f\u00fcr Orthop\u00e4die und orthop\u00e4dische Chirurgie, Diplom f\u00fcr Akupunktur, Diplom f\u00fcr Manuelle Medizin, Diplom f\u00fcr Kneippmedizin","breadcrumb":{"@id":"https:\/\/www.freigassner.info\/#breadcrumb"},"inLanguage":"en-US","potentialAction":[{"@type":"ReadAction","target":["https:\/\/www.freigassner.info\/"]}]},{"@type":"ImageObject","inLanguage":"en-US","@id":"https:\/\/www.freigassner.info\/#primaryimage","url":"https:\/\/www.freigassner.info\/wp-content\/uploads\/2021\/03\/Ordination_Dr_Freigassner.jpg","contentUrl":"https:\/\/www.freigassner.info\/wp-content\/uploads\/2021\/03\/Ordination_Dr_Freigassner.jpg","width":1024,"height":576,"caption":"Dr Martina Freigassner"},{"@type":"BreadcrumbList","@id":"https:\/\/www.freigassner.info\/#breadcrumb","itemListElement":[{"@type":"ListItem","position":1,"name":"Home","item":"https:\/\/www.freigassner.info\/"},{"@type":"ListItem","position":2,"name":"Ordination Dr. Freigassner"}]},{"@type":"WebSite","@id":"https:\/\/www.freigassner.info\/#website","url":"https:\/\/www.freigassner.info\/","name":"Ordination Martina Freigassner","description":"Ordination f\u00fcr Orthop\u00e4die und orthop\u00e4dische Chirurgie","potentialAction":[{"@type":"SearchAction","target":{"@type":"EntryPoint","urlTemplate":"https:\/\/www.freigassner.info\/?s={search_term_string}"},"query-input":{"@type":"PropertyValueSpecification","valueRequired":true,"valueName":"search_term_string"}}],"inLanguage":"en-US"}]}},"_links":{"self":[{"href":"https:\/\/www.freigassner.info\/index.php?rest_route=\/wp\/v2\/pages\/10","targetHints":{"allow":["GET"]}}],"collection":[{"href":"https:\/\/www.freigassner.info\/index.php?rest_route=\/wp\/v2\/pages"}],"about":[{"href":"https:\/\/www.freigassner.info\/index.php?rest_route=\/wp\/v2\/types\/page"}],"author":[{"embeddable":true,"href":"https:\/\/www.freigassner.info\/index.php?rest_route=\/wp\/v2\/users\/2"}],"replies":[{"embeddable":true,"href":"https:\/\/www.freigassner.info\/index.php?rest_route=%2Fwp%2Fv2%2Fcomments&post=10"}],"version-history":[{"count":89,"href":"https:\/\/www.freigassner.info\/index.php?rest_route=\/wp\/v2\/pages\/10\/revisions"}],"predecessor-version":[{"id":207,"href":"https:\/\/www.freigassner.info\/index.php?rest_route=\/wp\/v2\/pages\/10\/revisions\/207"}],"wp:attachment":[{"href":"https:\/\/www.freigassner.info\/index.php?rest_route=%2Fwp%2Fv2%2Fmedia&parent=10"}],"curies":[{"name":"wp","href":"https:\/\/api.w.org\/{rel}","templated":true}]}}