{"id":12,"date":"2021-03-29T08:13:40","date_gmt":"2021-03-29T08:13:40","guid":{"rendered":"https:\/\/www.freigassner.info\/?page_id=12"},"modified":"2021-07-19T05:59:22","modified_gmt":"2021-07-19T05:59:22","slug":"contact","status":"publish","type":"page","link":"https:\/\/www.freigassner.info\/?page_id=12","title":{"rendered":"Terminvereinbarung Nikolaiplatz"},"content":{"rendered":"\n<p>Liebe Patientin, lieber Patient. <br>Hier k\u00f6nnen Sie sich gleich online einen Termin aussuchen und buchen. Nat\u00fcrlich k\u00f6nnen Sie, w\u00e4hrend der Ordinationszeiten, auch telefonisch unter 0316 35-88-71 sowie vorzugsweise per EMail unter office@freigassner.info einen Termin vereinbaren. <\/p>\n\n\n\n<p><span style=\"color:#f88b04\" class=\"has-inline-color\"><strong>-&gt;<\/strong><\/span> <strong><a rel=\"noreferrer noopener\" href=\"https:\/\/www.freigassner.info\/wp-content\/uploads\/2021\/07\/iFrame.html\" target=\"_blank\">Online Terminvereinbarung<\/a><\/strong><\/p>\n","protected":false},"excerpt":{"rendered":"<p>Liebe Patientin, lieber Patient. Hier k\u00f6nnen Sie sich gleich online einen Termin aussuchen und buchen. Nat\u00fcrlich k\u00f6nnen Sie, w\u00e4hrend der Ordinationszeiten, auch telefonisch unter 0316 35-88-71 sowie vorzugsweise per EMail unter office@freigassner.info einen Termin vereinbaren. -&gt; Online Terminvereinbarung<\/p>\n","protected":false},"author":2,"featured_media":0,"parent":0,"menu_order":0,"comment_status":"closed","ping_status":"closed","template":"","meta":{"footnotes":""},"class_list":["post-12","page","type-page","status-publish","hentry","entry"],"yoast_head":"<!-- This site is optimized with the Yoast SEO plugin v26.7 - https:\/\/yoast.com\/wordpress\/plugins\/seo\/ -->\n<title>Terminvereinbarung Nikolaiplatz - Ordination Martina Freigassner<\/title>\n<meta name=\"robots\" content=\"index, follow, max-snippet:-1, max-image-preview:large, max-video-preview:-1\" \/>\n<link rel=\"canonical\" href=\"https:\/\/www.freigassner.info\/?page_id=12\" \/>\n<meta property=\"og:locale\" content=\"en_US\" \/>\n<meta property=\"og:type\" content=\"article\" \/>\n<meta property=\"og:title\" content=\"Terminvereinbarung Nikolaiplatz - Ordination Martina Freigassner\" \/>\n<meta property=\"og:description\" content=\"Liebe Patientin, lieber Patient. Hier k\u00f6nnen Sie sich gleich online einen Termin aussuchen und buchen. Nat\u00fcrlich k\u00f6nnen Sie, w\u00e4hrend der Ordinationszeiten, auch telefonisch unter 0316 35-88-71 sowie vorzugsweise per EMail unter office@freigassner.info einen Termin vereinbaren. -&gt; Online Terminvereinbarung\" \/>\n<meta property=\"og:url\" content=\"https:\/\/www.freigassner.info\/?page_id=12\" \/>\n<meta property=\"og:site_name\" content=\"Ordination Martina Freigassner\" \/>\n<meta property=\"article:modified_time\" content=\"2021-07-19T05:59:22+00:00\" \/>\n<meta name=\"twitter:card\" content=\"summary_large_image\" \/>\n<meta name=\"twitter:label1\" content=\"Est. reading time\" \/>\n\t<meta name=\"twitter:data1\" content=\"1 minute\" \/>\n<script type=\"application\/ld+json\" class=\"yoast-schema-graph\">{\"@context\":\"https:\/\/schema.org\",\"@graph\":[{\"@type\":\"WebPage\",\"@id\":\"https:\/\/www.freigassner.info\/?page_id=12\",\"url\":\"https:\/\/www.freigassner.info\/?page_id=12\",\"name\":\"Terminvereinbarung Nikolaiplatz - Ordination Martina Freigassner\",\"isPartOf\":{\"@id\":\"https:\/\/www.freigassner.info\/#website\"},\"datePublished\":\"2021-03-29T08:13:40+00:00\",\"dateModified\":\"2021-07-19T05:59:22+00:00\",\"breadcrumb\":{\"@id\":\"https:\/\/www.freigassner.info\/?page_id=12#breadcrumb\"},\"inLanguage\":\"en-US\",\"potentialAction\":[{\"@type\":\"ReadAction\",\"target\":[\"https:\/\/www.freigassner.info\/?page_id=12\"]}]},{\"@type\":\"BreadcrumbList\",\"@id\":\"https:\/\/www.freigassner.info\/?page_id=12#breadcrumb\",\"itemListElement\":[{\"@type\":\"ListItem\",\"position\":1,\"name\":\"Home\",\"item\":\"https:\/\/www.freigassner.info\/\"},{\"@type\":\"ListItem\",\"position\":2,\"name\":\"Terminvereinbarung Nikolaiplatz\"}]},{\"@type\":\"WebSite\",\"@id\":\"https:\/\/www.freigassner.info\/#website\",\"url\":\"https:\/\/www.freigassner.info\/\",\"name\":\"Ordination Martina Freigassner\",\"description\":\"Ordination f\u00fcr Orthop\u00e4die und orthop\u00e4dische Chirurgie\",\"potentialAction\":[{\"@type\":\"SearchAction\",\"target\":{\"@type\":\"EntryPoint\",\"urlTemplate\":\"https:\/\/www.freigassner.info\/?s={search_term_string}\"},\"query-input\":{\"@type\":\"PropertyValueSpecification\",\"valueRequired\":true,\"valueName\":\"search_term_string\"}}],\"inLanguage\":\"en-US\"}]}<\/script>\n<!-- \/ Yoast SEO plugin. -->","yoast_head_json":{"title":"Terminvereinbarung Nikolaiplatz - Ordination Martina Freigassner","robots":{"index":"index","follow":"follow","max-snippet":"max-snippet:-1","max-image-preview":"max-image-preview:large","max-video-preview":"max-video-preview:-1"},"canonical":"https:\/\/www.freigassner.info\/?page_id=12","og_locale":"en_US","og_type":"article","og_title":"Terminvereinbarung Nikolaiplatz - Ordination Martina Freigassner","og_description":"Liebe Patientin, lieber Patient. Hier k\u00f6nnen Sie sich gleich online einen Termin aussuchen und buchen. Nat\u00fcrlich k\u00f6nnen Sie, w\u00e4hrend der Ordinationszeiten, auch telefonisch unter 0316 35-88-71 sowie vorzugsweise per EMail unter office@freigassner.info einen Termin vereinbaren. -&gt; Online Terminvereinbarung","og_url":"https:\/\/www.freigassner.info\/?page_id=12","og_site_name":"Ordination Martina Freigassner","article_modified_time":"2021-07-19T05:59:22+00:00","twitter_card":"summary_large_image","twitter_misc":{"Est. reading time":"1 minute"},"schema":{"@context":"https:\/\/schema.org","@graph":[{"@type":"WebPage","@id":"https:\/\/www.freigassner.info\/?page_id=12","url":"https:\/\/www.freigassner.info\/?page_id=12","name":"Terminvereinbarung Nikolaiplatz - Ordination Martina Freigassner","isPartOf":{"@id":"https:\/\/www.freigassner.info\/#website"},"datePublished":"2021-03-29T08:13:40+00:00","dateModified":"2021-07-19T05:59:22+00:00","breadcrumb":{"@id":"https:\/\/www.freigassner.info\/?page_id=12#breadcrumb"},"inLanguage":"en-US","potentialAction":[{"@type":"ReadAction","target":["https:\/\/www.freigassner.info\/?page_id=12"]}]},{"@type":"BreadcrumbList","@id":"https:\/\/www.freigassner.info\/?page_id=12#breadcrumb","itemListElement":[{"@type":"ListItem","position":1,"name":"Home","item":"https:\/\/www.freigassner.info\/"},{"@type":"ListItem","position":2,"name":"Terminvereinbarung Nikolaiplatz"}]},{"@type":"WebSite","@id":"https:\/\/www.freigassner.info\/#website","url":"https:\/\/www.freigassner.info\/","name":"Ordination Martina Freigassner","description":"Ordination f\u00fcr Orthop\u00e4die und orthop\u00e4dische Chirurgie","potentialAction":[{"@type":"SearchAction","target":{"@type":"EntryPoint","urlTemplate":"https:\/\/www.freigassner.info\/?s={search_term_string}"},"query-input":{"@type":"PropertyValueSpecification","valueRequired":true,"valueName":"search_term_string"}}],"inLanguage":"en-US"}]}},"_links":{"self":[{"href":"https:\/\/www.freigassner.info\/index.php?rest_route=\/wp\/v2\/pages\/12","targetHints":{"allow":["GET"]}}],"collection":[{"href":"https:\/\/www.freigassner.info\/index.php?rest_route=\/wp\/v2\/pages"}],"about":[{"href":"https:\/\/www.freigassner.info\/index.php?rest_route=\/wp\/v2\/types\/page"}],"author":[{"embeddable":true,"href":"https:\/\/www.freigassner.info\/index.php?rest_route=\/wp\/v2\/users\/2"}],"replies":[{"embeddable":true,"href":"https:\/\/www.freigassner.info\/index.php?rest_route=%2Fwp%2Fv2%2Fcomments&post=12"}],"version-history":[{"count":10,"href":"https:\/\/www.freigassner.info\/index.php?rest_route=\/wp\/v2\/pages\/12\/revisions"}],"predecessor-version":[{"id":116,"href":"https:\/\/www.freigassner.info\/index.php?rest_route=\/wp\/v2\/pages\/12\/revisions\/116"}],"wp:attachment":[{"href":"https:\/\/www.freigassner.info\/index.php?rest_route=%2Fwp%2Fv2%2Fmedia&parent=12"}],"curies":[{"name":"wp","href":"https:\/\/api.w.org\/{rel}","templated":true}]}}