{"id":65,"date":"2021-07-19T17:22:12","date_gmt":"2021-07-19T17:22:12","guid":{"rendered":"https:\/\/www.freigassner.info\/?page_id=65"},"modified":"2021-07-19T17:30:03","modified_gmt":"2021-07-19T17:30:03","slug":"datenschutzbestimmungen","status":"publish","type":"page","link":"https:\/\/www.freigassner.info\/?page_id=65","title":{"rendered":"Datenschutzbestimmung"},"content":{"rendered":"\n<p><strong>Geltungsbereich<\/strong><br>Diese Datenschutzerkl\u00e4rung kl\u00e4rt Nutzer \u00fcber Art, Umfang und Zwecke der Erhebung und Verwendung personenbezogener Daten durch den verantwortlichen Anbieter (Dr. med. Martina Freigassner, Nikolaiplatz 4, 8020 Graz, \u00d6sterreich, office@freigassner.info) auf dieser Website auf. Die rechtlichen Grundlagen des Datenschutzes finden sich im Datenschutzgesetz (DSG) und dem Mediengesetz (MedienG).<\/p>\n\n\n\n<p><strong>Kontaktaufnahme<\/strong><br>Bei der Kontaktaufnahme mit dem Anbieter (zum Beispiel per Kontaktformular, E-Mail) werden die Angaben des Nutzers zwecks Bearbeitung der Anfrage sowie f\u00fcr den Fall, dass Anschlussfragen entstehen, gespeichert.<\/p>\n\n\n\n<p><strong>Hosting<\/strong><br>Diese Website wird von MPCA Solutions gehostet, einem Unternehmen mit Gesch\u00e4ftsitz in \u00d6sterreich: MPCA Solutions GmbH, Doktor-Fuchs-Gasse 4, 2000 Stockerau. Dessen Datenschutzrichtlinien k\u00f6nnen Sie unter https:\/\/www.mpca.solutions\/wp\/datenschutzerklaerung\/ einsehen.<\/p>\n\n\n\n<p><strong>Google Analytics<\/strong><br>Dieses Angebot benutzt Google Analytics, einen Webanalysedienst der Google Inc. (\u201eGoogle\u201c). Google Analytics verwendet sog. \u201eCookies\u201c, Textdateien, die auf dem Computer der Nutzer gespeichert werden und die eine Analyse der Benutzung der Website durch sie erm\u00f6glichen. Die durch den Cookie erzeugten Informationen \u00fcber die Benutzung dieser Website durch die Nutzer werden in der Regel an einen Server von Google in den USA \u00fcbertragen und dort gespeichert.Im Falle der Aktivierung der IP-Anonymisierung auf dieser Webseite, wird die IP-Adresse der Nutzer von Google jedoch innerhalb von Mitgliedstaaten der Europ\u00e4ischen Union oder in anderen Vertragsstaaten des Abkommens \u00fcber den Europ\u00e4ischen Wirtschaftsraum zuvor gek\u00fcrzt. Nur in Ausnahmef\u00e4llen wird die volle IP-Adresse an einen Server von Google in den USA \u00fcbertragen und dort gek\u00fcrzt. Die IP-Anonymisierung ist auf dieser Website aktiv. Im Auftrag des Betreibers dieser Website wird Google diese Informationen benutzen, um die Nutzung der Website durch die Nutzer auszuwerten, um Reports \u00fcber die Websiteaktivit\u00e4ten zusammenzustellen und um weitere mit der Websitenutzung und der Internetnutzung verbundene Dienstleistungen gegen\u00fcber dem Websitebetreiber zu erbringen.Die im Rahmen von Google Analytics von Ihrem Browser \u00fcbermittelte IP-Adresse wird nicht mit anderen Daten von Google zusammengef\u00fchrt. Die Nutzer k\u00f6nnen die Speicherung der Cookies durch eine entsprechende Einstellung Ihrer Browser-Software verhindern; Dieses Angebot weist die Nutzer jedoch darauf hin, dass Sie in diesem Fall gegebenenfalls nicht s\u00e4mtliche Funktionen dieser Website vollumf\u00e4nglich werden nutzen k\u00f6nnen. Die Nutzer k\u00f6nnen dar\u00fcber hinaus die Erfassung der durch das Cookie erzeugten und auf ihre Nutzung der Website bezogenen Daten (inkl. Ihrer IP-Adresse) an Google sowie die Verarbeitung dieser Daten durch Google verhindern, indem sie das unter dem folgenden Link verf\u00fcgbare Browser-Plugin herunterladen und installieren: http:\/\/tools.google.com\/dlpage\/gaoptout?hl=de.Weitere Informationen zur Datennutzung zu Werbezwecken durch Google, Einstellungs- und Widerspruchsm\u00f6glichkeiten erfahren Sie auf den Webseiten von Google: https:\/\/www.google.com\/intl\/de\/policies\/privacy\/partners\/ (\u201eDatennutzung durch Google bei Ihrer Nutzung von Websites oder Apps unserer Partner\u201c), http:\/\/www.google.com\/policies\/technologies\/ads (\u201eDatennutzung zu Werbezwecken\u201c), http:\/\/www.google.de\/settings\/ads (\u201eInformationen verwalten, die Google verwendet, um Ihnen Werbung einzublenden\u201c) und http:\/\/www.google.com\/ads\/preferences\/ (\u201eBestimmen Sie, welche Werbung Google Ihnen zeigt\u201c).<\/p>\n\n\n\n<p><strong>Widerruf, \u00c4nderungen, Berichtigungen und Aktualisierungen<\/strong><br>Der Nutzer hat das Recht, auf Antrag unentgeltlich Auskunft zu erhalten \u00fcber die personenbezogenen Daten, die \u00fcber ihn gespeichert wurden. Zus\u00e4tzlich hat der Nutzer das Recht auf Berichtigung unrichtiger Daten, Sperrung und L\u00f6schung seiner personenbezogenen Daten, soweit dem keine gesetzliche Aufbewahrungspflicht entgegensteht.<\/p>\n","protected":false},"excerpt":{"rendered":"<p>GeltungsbereichDiese Datenschutzerkl\u00e4rung kl\u00e4rt Nutzer \u00fcber Art, Umfang und Zwecke der Erhebung und Verwendung personenbezogener Daten durch den verantwortlichen Anbieter (Dr. med. Martina Freigassner, Nikolaiplatz 4, 8020 Graz, \u00d6sterreich, office@freigassner.info) auf dieser Website auf. Die rechtlichen Grundlagen des Datenschutzes finden sich im Datenschutzgesetz (DSG) und dem Mediengesetz (MedienG). KontaktaufnahmeBei der Kontaktaufnahme mit dem Anbieter (zum Beispiel&hellip; <a class=\"more-link\" href=\"https:\/\/www.freigassner.info\/?page_id=65\">Continue reading <span class=\"screen-reader-text\">Datenschutzbestimmung<\/span><\/a><\/p>\n","protected":false},"author":2,"featured_media":0,"parent":0,"menu_order":0,"comment_status":"closed","ping_status":"closed","template":"","meta":{"footnotes":""},"class_list":["post-65","page","type-page","status-publish","hentry","entry"],"yoast_head":"<!-- This site is optimized with the Yoast SEO plugin v26.7 - https:\/\/yoast.com\/wordpress\/plugins\/seo\/ -->\n<title>Datenschutzbestimmung - Ordination Martina Freigassner<\/title>\n<meta name=\"robots\" content=\"index, follow, max-snippet:-1, max-image-preview:large, max-video-preview:-1\" \/>\n<link rel=\"canonical\" href=\"https:\/\/www.freigassner.info\/?page_id=65\" \/>\n<meta property=\"og:locale\" content=\"en_US\" \/>\n<meta property=\"og:type\" content=\"article\" \/>\n<meta property=\"og:title\" content=\"Datenschutzbestimmung - Ordination Martina Freigassner\" \/>\n<meta property=\"og:description\" content=\"GeltungsbereichDiese Datenschutzerkl\u00e4rung kl\u00e4rt Nutzer \u00fcber Art, Umfang und Zwecke der Erhebung und Verwendung personenbezogener Daten durch den verantwortlichen Anbieter (Dr. med. Martina Freigassner, Nikolaiplatz 4, 8020 Graz, \u00d6sterreich, office@freigassner.info) auf dieser Website auf. Die rechtlichen Grundlagen des Datenschutzes finden sich im Datenschutzgesetz (DSG) und dem Mediengesetz (MedienG). KontaktaufnahmeBei der Kontaktaufnahme mit dem Anbieter (zum Beispiel&hellip; Continue reading Datenschutzbestimmung\" \/>\n<meta property=\"og:url\" content=\"https:\/\/www.freigassner.info\/?page_id=65\" \/>\n<meta property=\"og:site_name\" content=\"Ordination Martina Freigassner\" \/>\n<meta property=\"article:modified_time\" content=\"2021-07-19T17:30:03+00:00\" \/>\n<meta name=\"twitter:card\" content=\"summary_large_image\" \/>\n<meta name=\"twitter:label1\" content=\"Est. reading time\" \/>\n\t<meta name=\"twitter:data1\" content=\"3 minutes\" \/>\n<script type=\"application\/ld+json\" class=\"yoast-schema-graph\">{\"@context\":\"https:\/\/schema.org\",\"@graph\":[{\"@type\":\"WebPage\",\"@id\":\"https:\/\/www.freigassner.info\/?page_id=65\",\"url\":\"https:\/\/www.freigassner.info\/?page_id=65\",\"name\":\"Datenschutzbestimmung - Ordination Martina Freigassner\",\"isPartOf\":{\"@id\":\"https:\/\/www.freigassner.info\/#website\"},\"datePublished\":\"2021-07-19T17:22:12+00:00\",\"dateModified\":\"2021-07-19T17:30:03+00:00\",\"breadcrumb\":{\"@id\":\"https:\/\/www.freigassner.info\/?page_id=65#breadcrumb\"},\"inLanguage\":\"en-US\",\"potentialAction\":[{\"@type\":\"ReadAction\",\"target\":[\"https:\/\/www.freigassner.info\/?page_id=65\"]}]},{\"@type\":\"BreadcrumbList\",\"@id\":\"https:\/\/www.freigassner.info\/?page_id=65#breadcrumb\",\"itemListElement\":[{\"@type\":\"ListItem\",\"position\":1,\"name\":\"Home\",\"item\":\"https:\/\/www.freigassner.info\/\"},{\"@type\":\"ListItem\",\"position\":2,\"name\":\"Datenschutzbestimmung\"}]},{\"@type\":\"WebSite\",\"@id\":\"https:\/\/www.freigassner.info\/#website\",\"url\":\"https:\/\/www.freigassner.info\/\",\"name\":\"Ordination Martina Freigassner\",\"description\":\"Ordination f\u00fcr Orthop\u00e4die und orthop\u00e4dische Chirurgie\",\"potentialAction\":[{\"@type\":\"SearchAction\",\"target\":{\"@type\":\"EntryPoint\",\"urlTemplate\":\"https:\/\/www.freigassner.info\/?s={search_term_string}\"},\"query-input\":{\"@type\":\"PropertyValueSpecification\",\"valueRequired\":true,\"valueName\":\"search_term_string\"}}],\"inLanguage\":\"en-US\"}]}<\/script>\n<!-- \/ Yoast SEO plugin. -->","yoast_head_json":{"title":"Datenschutzbestimmung - Ordination Martina Freigassner","robots":{"index":"index","follow":"follow","max-snippet":"max-snippet:-1","max-image-preview":"max-image-preview:large","max-video-preview":"max-video-preview:-1"},"canonical":"https:\/\/www.freigassner.info\/?page_id=65","og_locale":"en_US","og_type":"article","og_title":"Datenschutzbestimmung - Ordination Martina Freigassner","og_description":"GeltungsbereichDiese Datenschutzerkl\u00e4rung kl\u00e4rt Nutzer \u00fcber Art, Umfang und Zwecke der Erhebung und Verwendung personenbezogener Daten durch den verantwortlichen Anbieter (Dr. med. Martina Freigassner, Nikolaiplatz 4, 8020 Graz, \u00d6sterreich, office@freigassner.info) auf dieser Website auf. Die rechtlichen Grundlagen des Datenschutzes finden sich im Datenschutzgesetz (DSG) und dem Mediengesetz (MedienG). KontaktaufnahmeBei der Kontaktaufnahme mit dem Anbieter (zum Beispiel&hellip; Continue reading Datenschutzbestimmung","og_url":"https:\/\/www.freigassner.info\/?page_id=65","og_site_name":"Ordination Martina Freigassner","article_modified_time":"2021-07-19T17:30:03+00:00","twitter_card":"summary_large_image","twitter_misc":{"Est. reading time":"3 minutes"},"schema":{"@context":"https:\/\/schema.org","@graph":[{"@type":"WebPage","@id":"https:\/\/www.freigassner.info\/?page_id=65","url":"https:\/\/www.freigassner.info\/?page_id=65","name":"Datenschutzbestimmung - Ordination Martina Freigassner","isPartOf":{"@id":"https:\/\/www.freigassner.info\/#website"},"datePublished":"2021-07-19T17:22:12+00:00","dateModified":"2021-07-19T17:30:03+00:00","breadcrumb":{"@id":"https:\/\/www.freigassner.info\/?page_id=65#breadcrumb"},"inLanguage":"en-US","potentialAction":[{"@type":"ReadAction","target":["https:\/\/www.freigassner.info\/?page_id=65"]}]},{"@type":"BreadcrumbList","@id":"https:\/\/www.freigassner.info\/?page_id=65#breadcrumb","itemListElement":[{"@type":"ListItem","position":1,"name":"Home","item":"https:\/\/www.freigassner.info\/"},{"@type":"ListItem","position":2,"name":"Datenschutzbestimmung"}]},{"@type":"WebSite","@id":"https:\/\/www.freigassner.info\/#website","url":"https:\/\/www.freigassner.info\/","name":"Ordination Martina Freigassner","description":"Ordination f\u00fcr Orthop\u00e4die und orthop\u00e4dische Chirurgie","potentialAction":[{"@type":"SearchAction","target":{"@type":"EntryPoint","urlTemplate":"https:\/\/www.freigassner.info\/?s={search_term_string}"},"query-input":{"@type":"PropertyValueSpecification","valueRequired":true,"valueName":"search_term_string"}}],"inLanguage":"en-US"}]}},"_links":{"self":[{"href":"https:\/\/www.freigassner.info\/index.php?rest_route=\/wp\/v2\/pages\/65","targetHints":{"allow":["GET"]}}],"collection":[{"href":"https:\/\/www.freigassner.info\/index.php?rest_route=\/wp\/v2\/pages"}],"about":[{"href":"https:\/\/www.freigassner.info\/index.php?rest_route=\/wp\/v2\/types\/page"}],"author":[{"embeddable":true,"href":"https:\/\/www.freigassner.info\/index.php?rest_route=\/wp\/v2\/users\/2"}],"replies":[{"embeddable":true,"href":"https:\/\/www.freigassner.info\/index.php?rest_route=%2Fwp%2Fv2%2Fcomments&post=65"}],"version-history":[{"count":3,"href":"https:\/\/www.freigassner.info\/index.php?rest_route=\/wp\/v2\/pages\/65\/revisions"}],"predecessor-version":[{"id":122,"href":"https:\/\/www.freigassner.info\/index.php?rest_route=\/wp\/v2\/pages\/65\/revisions\/122"}],"wp:attachment":[{"href":"https:\/\/www.freigassner.info\/index.php?rest_route=%2Fwp%2Fv2%2Fmedia&parent=65"}],"curies":[{"name":"wp","href":"https:\/\/api.w.org\/{rel}","templated":true}]}}