{"id":8,"date":"2021-07-19T17:20:29","date_gmt":"2021-07-19T17:20:29","guid":{"rendered":"https:\/\/www.freigassner.info\/?page_id=8"},"modified":"2022-02-15T21:14:37","modified_gmt":"2022-02-15T21:14:37","slug":"impressum","status":"publish","type":"page","link":"https:\/\/www.freigassner.info\/?page_id=8","title":{"rendered":"Impressum"},"content":{"rendered":"\n<p>Information gem\u00e4\u00df \u00a75 E-Commerce-Gesetz, \u00a714 Unternehmensgesetzbuch und \u00a763 Gewerbeordnung sowie Offenlegung laut \u00a725 Mediengesetz:<\/p>\n\n\n\n<p><strong>Name und Anschrift<\/strong><\/p>\n\n\n\n<p>Dr. med. Martina Freigassner<\/p>\n\n\n\n<p>Nikolaiplatz 4, 8020 Graz, \u00d6sterreich<br>Telefon: 0316 35-88-71<br>E-Mail: office@freigassner.info<\/p>\n\n\n\n<p>Website: www.freigassner.info<\/p>\n\n\n\n<p><strong>Berufsbezeichnung<\/strong><br>Fach\u00e4rztin f\u00fcr Orthop\u00e4die und Orthop\u00e4dische Chirurgie, verliehen in \u00d6sterreich, Bundesgesetz \u00fcber die Aus\u00fcbung des \u00e4rztlichen Berufes (\u00c4rzteG 1998): ersichtlich unter www.ris.bka.gv.at<\/p>\n\n\n\n<p><strong>Kammerzugeh\u00f6rigkeit<\/strong><br>\u00c4rztekammer f\u00fcr Steiermark, Kaiserfeldgasse 29, 8010 Graz<\/p>\n\n\n\n<p><strong>F\u00fcr den Inhalt verantwortlich<\/strong><br>Dr. med. Martina Freigassner<\/p>\n\n\n\n<p><strong>Konzept, Design und Umsetzung<\/strong><br>Bernd Wohlmuth, <a href=\"http:\/\/j-a-g-d.at\" target=\"_blank\" rel=\"noreferrer noopener\">www.j-a-g-d.at<\/a><\/p>\n\n\n\n<p><strong>Bildnachweis<\/strong><br>Bernd Wohlmuth, <a href=\"http:\/\/j-a-g-d.at\" target=\"_blank\" rel=\"noreferrer noopener\">www.j-a-g-d.at<\/a><\/p>\n\n\n\n<p><strong>Haftungsausschluss<\/strong><br>Wir \u00fcbernehmen keinerlei Gew\u00e4hr f\u00fcr die Aktualit\u00e4t, Korrektheit und Vollst\u00e4ndigkeit der bereitgestellten Informationen auf dieser Website.<\/p>\n\n\n\n<p>Haftungsanspr\u00fcche, die sich auf Sch\u00e4den materieller oder ideeller Art beziehen, die durch die Nutzung oder Nichtnutzung der bereitgestellten Informationen verursacht wurden, sind grunds\u00e4tzlich ausgeschlossen. Alle Angebote sind freibleibend und unverbindlich. Die Autoren behalten es sich ausdr\u00fccklich vor, Teile der Website oder das gesamte Angebot ohne gesonderte Ank\u00fcndigung zu ver\u00e4ndern, zu erg\u00e4nzen, zu l\u00f6schen oder die Ver\u00f6ffentlichung zeitweise oder endg\u00fcltig einzustellen.<\/p>\n\n\n\n<p><strong>Verweise und Links<\/strong><br>Wir haben keinen Einfluss auf den Inhalt anderer Homepages, auf die externe Links verweisen. Wir \u00fcbernehmen keine Haftung hinsichtlich Richtigkeit, Aktualit\u00e4t oder eventueller rechtswidriger Inhalte beziehungsweise Datenschutzbestimmungen dieser anderen Homepages. Ebenso kann aufgrund der Schnelllebigkeit des Mediums das Funktionieren einzelner Links nicht garantiert werden.<\/p>\n\n\n\n<p>Links auf diese Website sind selbstverst\u00e4ndlich erw\u00fcnscht.<\/p>\n","protected":false},"excerpt":{"rendered":"<p>Information gem\u00e4\u00df \u00a75 E-Commerce-Gesetz, \u00a714 Unternehmensgesetzbuch und \u00a763 Gewerbeordnung sowie Offenlegung laut \u00a725 Mediengesetz: Name und Anschrift Dr. med. Martina Freigassner Nikolaiplatz 4, 8020 Graz, \u00d6sterreichTelefon: 0316 35-88-71E-Mail: office@freigassner.info Website: www.freigassner.info BerufsbezeichnungFach\u00e4rztin f\u00fcr Orthop\u00e4die und Orthop\u00e4dische Chirurgie, verliehen in \u00d6sterreich, Bundesgesetz \u00fcber die Aus\u00fcbung des \u00e4rztlichen Berufes (\u00c4rzteG 1998): ersichtlich unter www.ris.bka.gv.at Kammerzugeh\u00f6rigkeit\u00c4rztekammer f\u00fcr Steiermark,&hellip; <a class=\"more-link\" href=\"https:\/\/www.freigassner.info\/?page_id=8\">Continue reading <span class=\"screen-reader-text\">Impressum<\/span><\/a><\/p>\n","protected":false},"author":2,"featured_media":0,"parent":0,"menu_order":0,"comment_status":"closed","ping_status":"closed","template":"","meta":{"footnotes":""},"class_list":["post-8","page","type-page","status-publish","hentry","entry"],"yoast_head":"<!-- This site is optimized with the Yoast SEO plugin v26.7 - https:\/\/yoast.com\/wordpress\/plugins\/seo\/ -->\n<title>Impressum - Ordination Martina Freigassner<\/title>\n<meta name=\"robots\" content=\"index, follow, max-snippet:-1, max-image-preview:large, max-video-preview:-1\" \/>\n<link rel=\"canonical\" href=\"https:\/\/www.freigassner.info\/?page_id=8\" \/>\n<meta property=\"og:locale\" content=\"en_US\" \/>\n<meta property=\"og:type\" content=\"article\" \/>\n<meta property=\"og:title\" content=\"Impressum - Ordination Martina Freigassner\" \/>\n<meta property=\"og:description\" content=\"Information gem\u00e4\u00df \u00a75 E-Commerce-Gesetz, \u00a714 Unternehmensgesetzbuch und \u00a763 Gewerbeordnung sowie Offenlegung laut \u00a725 Mediengesetz: Name und Anschrift Dr. med. Martina Freigassner Nikolaiplatz 4, 8020 Graz, \u00d6sterreichTelefon: 0316 35-88-71E-Mail: office@freigassner.info Website: www.freigassner.info BerufsbezeichnungFach\u00e4rztin f\u00fcr Orthop\u00e4die und Orthop\u00e4dische Chirurgie, verliehen in \u00d6sterreich, Bundesgesetz \u00fcber die Aus\u00fcbung des \u00e4rztlichen Berufes (\u00c4rzteG 1998): ersichtlich unter www.ris.bka.gv.at Kammerzugeh\u00f6rigkeit\u00c4rztekammer f\u00fcr Steiermark,&hellip; Continue reading Impressum\" \/>\n<meta property=\"og:url\" content=\"https:\/\/www.freigassner.info\/?page_id=8\" \/>\n<meta property=\"og:site_name\" content=\"Ordination Martina Freigassner\" \/>\n<meta property=\"article:modified_time\" content=\"2022-02-15T21:14:37+00:00\" \/>\n<meta name=\"twitter:card\" content=\"summary_large_image\" \/>\n<meta name=\"twitter:label1\" content=\"Est. reading time\" \/>\n\t<meta name=\"twitter:data1\" content=\"1 minute\" \/>\n<script type=\"application\/ld+json\" class=\"yoast-schema-graph\">{\"@context\":\"https:\/\/schema.org\",\"@graph\":[{\"@type\":\"WebPage\",\"@id\":\"https:\/\/www.freigassner.info\/?page_id=8\",\"url\":\"https:\/\/www.freigassner.info\/?page_id=8\",\"name\":\"Impressum - Ordination Martina Freigassner\",\"isPartOf\":{\"@id\":\"https:\/\/www.freigassner.info\/#website\"},\"datePublished\":\"2021-07-19T17:20:29+00:00\",\"dateModified\":\"2022-02-15T21:14:37+00:00\",\"breadcrumb\":{\"@id\":\"https:\/\/www.freigassner.info\/?page_id=8#breadcrumb\"},\"inLanguage\":\"en-US\",\"potentialAction\":[{\"@type\":\"ReadAction\",\"target\":[\"https:\/\/www.freigassner.info\/?page_id=8\"]}]},{\"@type\":\"BreadcrumbList\",\"@id\":\"https:\/\/www.freigassner.info\/?page_id=8#breadcrumb\",\"itemListElement\":[{\"@type\":\"ListItem\",\"position\":1,\"name\":\"Home\",\"item\":\"https:\/\/www.freigassner.info\/\"},{\"@type\":\"ListItem\",\"position\":2,\"name\":\"Impressum\"}]},{\"@type\":\"WebSite\",\"@id\":\"https:\/\/www.freigassner.info\/#website\",\"url\":\"https:\/\/www.freigassner.info\/\",\"name\":\"Ordination Martina Freigassner\",\"description\":\"Ordination f\u00fcr Orthop\u00e4die und orthop\u00e4dische Chirurgie\",\"potentialAction\":[{\"@type\":\"SearchAction\",\"target\":{\"@type\":\"EntryPoint\",\"urlTemplate\":\"https:\/\/www.freigassner.info\/?s={search_term_string}\"},\"query-input\":{\"@type\":\"PropertyValueSpecification\",\"valueRequired\":true,\"valueName\":\"search_term_string\"}}],\"inLanguage\":\"en-US\"}]}<\/script>\n<!-- \/ Yoast SEO plugin. -->","yoast_head_json":{"title":"Impressum - Ordination Martina Freigassner","robots":{"index":"index","follow":"follow","max-snippet":"max-snippet:-1","max-image-preview":"max-image-preview:large","max-video-preview":"max-video-preview:-1"},"canonical":"https:\/\/www.freigassner.info\/?page_id=8","og_locale":"en_US","og_type":"article","og_title":"Impressum - Ordination Martina Freigassner","og_description":"Information gem\u00e4\u00df \u00a75 E-Commerce-Gesetz, \u00a714 Unternehmensgesetzbuch und \u00a763 Gewerbeordnung sowie Offenlegung laut \u00a725 Mediengesetz: Name und Anschrift Dr. med. Martina Freigassner Nikolaiplatz 4, 8020 Graz, \u00d6sterreichTelefon: 0316 35-88-71E-Mail: office@freigassner.info Website: www.freigassner.info BerufsbezeichnungFach\u00e4rztin f\u00fcr Orthop\u00e4die und Orthop\u00e4dische Chirurgie, verliehen in \u00d6sterreich, Bundesgesetz \u00fcber die Aus\u00fcbung des \u00e4rztlichen Berufes (\u00c4rzteG 1998): ersichtlich unter www.ris.bka.gv.at Kammerzugeh\u00f6rigkeit\u00c4rztekammer f\u00fcr Steiermark,&hellip; Continue reading Impressum","og_url":"https:\/\/www.freigassner.info\/?page_id=8","og_site_name":"Ordination Martina Freigassner","article_modified_time":"2022-02-15T21:14:37+00:00","twitter_card":"summary_large_image","twitter_misc":{"Est. reading time":"1 minute"},"schema":{"@context":"https:\/\/schema.org","@graph":[{"@type":"WebPage","@id":"https:\/\/www.freigassner.info\/?page_id=8","url":"https:\/\/www.freigassner.info\/?page_id=8","name":"Impressum - Ordination Martina Freigassner","isPartOf":{"@id":"https:\/\/www.freigassner.info\/#website"},"datePublished":"2021-07-19T17:20:29+00:00","dateModified":"2022-02-15T21:14:37+00:00","breadcrumb":{"@id":"https:\/\/www.freigassner.info\/?page_id=8#breadcrumb"},"inLanguage":"en-US","potentialAction":[{"@type":"ReadAction","target":["https:\/\/www.freigassner.info\/?page_id=8"]}]},{"@type":"BreadcrumbList","@id":"https:\/\/www.freigassner.info\/?page_id=8#breadcrumb","itemListElement":[{"@type":"ListItem","position":1,"name":"Home","item":"https:\/\/www.freigassner.info\/"},{"@type":"ListItem","position":2,"name":"Impressum"}]},{"@type":"WebSite","@id":"https:\/\/www.freigassner.info\/#website","url":"https:\/\/www.freigassner.info\/","name":"Ordination Martina Freigassner","description":"Ordination f\u00fcr Orthop\u00e4die und orthop\u00e4dische Chirurgie","potentialAction":[{"@type":"SearchAction","target":{"@type":"EntryPoint","urlTemplate":"https:\/\/www.freigassner.info\/?s={search_term_string}"},"query-input":{"@type":"PropertyValueSpecification","valueRequired":true,"valueName":"search_term_string"}}],"inLanguage":"en-US"}]}},"_links":{"self":[{"href":"https:\/\/www.freigassner.info\/index.php?rest_route=\/wp\/v2\/pages\/8","targetHints":{"allow":["GET"]}}],"collection":[{"href":"https:\/\/www.freigassner.info\/index.php?rest_route=\/wp\/v2\/pages"}],"about":[{"href":"https:\/\/www.freigassner.info\/index.php?rest_route=\/wp\/v2\/types\/page"}],"author":[{"embeddable":true,"href":"https:\/\/www.freigassner.info\/index.php?rest_route=\/wp\/v2\/users\/2"}],"replies":[{"embeddable":true,"href":"https:\/\/www.freigassner.info\/index.php?rest_route=%2Fwp%2Fv2%2Fcomments&post=8"}],"version-history":[{"count":3,"href":"https:\/\/www.freigassner.info\/index.php?rest_route=\/wp\/v2\/pages\/8\/revisions"}],"predecessor-version":[{"id":138,"href":"https:\/\/www.freigassner.info\/index.php?rest_route=\/wp\/v2\/pages\/8\/revisions\/138"}],"wp:attachment":[{"href":"https:\/\/www.freigassner.info\/index.php?rest_route=%2Fwp%2Fv2%2Fmedia&parent=8"}],"curies":[{"name":"wp","href":"https:\/\/api.w.org\/{rel}","templated":true}]}}